{"id":492,"date":"2026-02-09T08:35:19","date_gmt":"2026-02-09T08:35:19","guid":{"rendered":"https:\/\/vitalreishiusa.com\/?post_type=product&#038;p=492"},"modified":"2026-02-09T09:00:26","modified_gmt":"2026-02-09T09:00:26","slug":"gano-cafe-mocha-light","status":"publish","type":"product","link":"https:\/\/vitalreishiusa.com\/en\/product\/gano-cafe-mocha-light\/","title":{"rendered":"Gano Caf\u00e9 Mocha Light"},"content":{"rendered":"<p><!--StartFragment --><\/p>\n<p data-path-to-node=\"4\"><b data-path-to-node=\"4\" data-index-in-node=\"0\">Gano Caf\u00e9 Mocha Light<\/b> ofrece la misma experiencia premium que mezcla el sabor intenso del caf\u00e9 con el toque dulce y cremoso del chocolate, pero dise\u00f1ada para quienes cuidan su ingesta cal\u00f3rica. Enriquecido con los beneficios del <b data-path-to-node=\"4\" data-index-in-node=\"229\">Ganoderma Lucidum<\/b>, es la opci\u00f3n ideal para disfrutar de un capricho sin culpa.<\/p>\n<p data-path-to-node=\"5\">Esta versi\u00f3n equilibrada mantiene la cremosidad que amas, pero con una f\u00f3rmula reducida en az\u00facares, proporcionando antioxidantes y energ\u00eda natural para tu d\u00eda a d\u00eda.<\/p>\n<hr data-path-to-node=\"6\" \/>\n<h4 data-path-to-node=\"7\"><b data-path-to-node=\"7\" data-index-in-node=\"0\">Ingredientes<\/b><\/h4>\n<ul data-path-to-node=\"8\">\n<li>\n<p data-path-to-node=\"8,0,0\">Crema no l\u00e1ctea (S\u00f3lidos de jarabe de glucosa, grasa vegetal, caseinato de sodio [prote\u00edna de leche], fosfato dipot\u00e1sico, di\u00f3xido de silicio, beta caroteno).<\/p>\n<\/li>\n<li>\n<p data-path-to-node=\"8,1,0\">Caf\u00e9 instant\u00e1neo en polvo.<\/p>\n<\/li>\n<li>\n<p data-path-to-node=\"8,2,0\">Az\u00facar (solo 4g por porci\u00f3n).<\/p>\n<\/li>\n<li>\n<p data-path-to-node=\"8,3,0\">Cacao en polvo.<\/p>\n<\/li>\n<li>\n<p data-path-to-node=\"8,4,0\">Crema espumante.<\/p>\n<\/li>\n<li>\n<p data-path-to-node=\"8,5,0\">Extracto de <b data-path-to-node=\"8,5,0\" data-index-in-node=\"12\">Ganoderma lucidum<\/b>.<\/p>\n<\/li>\n<\/ul>\n<h4 data-path-to-node=\"9\"><b data-path-to-node=\"9\" data-index-in-node=\"0\">Beneficios clave:<\/b><\/h4>\n<ul data-path-to-node=\"10\">\n<li>\n<p data-path-to-node=\"10,0,0\"><b data-path-to-node=\"10,0,0\" data-index-in-node=\"0\">Bajo en az\u00facar:<\/b> Solo 4g por sobre, ideal para dietas controladas.<\/p>\n<\/li>\n<li>\n<p data-path-to-node=\"10,1,0\"><b data-path-to-node=\"10,1,0\" data-index-in-node=\"0\">Energ\u00eda inteligente:<\/b> Aporta bienestar sin picos elevados de glucosa.<\/p>\n<\/li>\n<li>\n<p data-path-to-node=\"10,2,0\"><b data-path-to-node=\"10,2,0\" data-index-in-node=\"0\">Antioxidantes:<\/b> Rico en defensas naturales gracias al Reishi.<\/p>\n<\/li>\n<li>\n<p data-path-to-node=\"10,3,0\"><b data-path-to-node=\"10,3,0\" data-index-in-node=\"0\">Sabor Premium:<\/b> El equilibrio perfecto entre caf\u00e9 y chocolate amargo.<\/p>\n<\/li>\n<\/ul>\n<hr data-path-to-node=\"11\" \/>\n<h4 data-path-to-node=\"12\"><b data-path-to-node=\"12\" data-index-in-node=\"0\">Informaci\u00f3n Nutricional:<\/b><\/h4>\n<table data-path-to-node=\"13\">\n<thead>\n<tr>\n<td><strong>Nutriente<\/strong><\/td>\n<td><strong>Cantidad por porci\u00f3n (1 sobre \/ 18g)<\/strong><\/td>\n<td><strong>% Valor Diario<\/strong><\/td>\n<\/tr>\n<\/thead>\n<tbody>\n<tr>\n<td><span data-path-to-node=\"13,1,0,0\"><b data-path-to-node=\"13,1,0,0\" data-index-in-node=\"0\">Calor\u00edas<\/b><\/span><\/td>\n<td><span data-path-to-node=\"13,1,1,0\"><b data-path-to-node=\"13,1,1,0\" data-index-in-node=\"0\">75 kcal<\/b><\/span><\/td>\n<td><span data-path-to-node=\"13,1,2,0\">\u2014<\/span><\/td>\n<\/tr>\n<tr>\n<td><span data-path-to-node=\"13,2,0,0\"><b data-path-to-node=\"13,2,0,0\" data-index-in-node=\"0\">Grasa total<\/b><\/span><\/td>\n<td><span data-path-to-node=\"13,2,1,0\">2.5 g<\/span><\/td>\n<td><span data-path-to-node=\"13,2,2,0\">3%<\/span><\/td>\n<\/tr>\n<tr>\n<td><span data-path-to-node=\"13,3,0,0\"><b data-path-to-node=\"13,3,0,0\" data-index-in-node=\"0\">Grasa saturada<\/b><\/span><\/td>\n<td><span data-path-to-node=\"13,3,1,0\">2.2 g<\/span><\/td>\n<td><span data-path-to-node=\"13,3,2,0\">11%<\/span><\/td>\n<\/tr>\n<tr>\n<td><span data-path-to-node=\"13,4,0,0\"><b data-path-to-node=\"13,4,0,0\" data-index-in-node=\"0\">Grasas trans<\/b><\/span><\/td>\n<td><span data-path-to-node=\"13,4,1,0\">0 g<\/span><\/td>\n<td><span data-path-to-node=\"13,4,2,0\">\u2014<\/span><\/td>\n<\/tr>\n<tr>\n<td><span data-path-to-node=\"13,5,0,0\"><b data-path-to-node=\"13,5,0,0\" data-index-in-node=\"0\">Sodio<\/b><\/span><\/td>\n<td><span data-path-to-node=\"13,5,1,0\">20 mg<\/span><\/td>\n<td><span data-path-to-node=\"13,5,2,0\">1%<\/span><\/td>\n<\/tr>\n<tr>\n<td><span data-path-to-node=\"13,6,0,0\"><b data-path-to-node=\"13,6,0,0\" data-index-in-node=\"0\">Carbohidratos totales<\/b><\/span><\/td>\n<td><span data-path-to-node=\"13,6,1,0\">12 g<\/span><\/td>\n<td><span data-path-to-node=\"13,6,2,0\">4%<\/span><\/td>\n<\/tr>\n<tr>\n<td><span data-path-to-node=\"13,7,0,0\"><b data-path-to-node=\"13,7,0,0\" data-index-in-node=\"0\">Fibra diet\u00e9tica<\/b><\/span><\/td>\n<td><span data-path-to-node=\"13,7,1,0\">1.2 g<\/span><\/td>\n<td><span data-path-to-node=\"13,7,2,0\">4%<\/span><\/td>\n<\/tr>\n<tr>\n<td><span data-path-to-node=\"13,8,0,0\"><b data-path-to-node=\"13,8,0,0\" data-index-in-node=\"0\">Az\u00facares totales<\/b><\/span><\/td>\n<td><span data-path-to-node=\"13,8,1,0\"><b data-path-to-node=\"13,8,1,0\" data-index-in-node=\"0\">4 g<\/b><\/span><\/td>\n<td><span data-path-to-node=\"13,8,2,0\">\u2014<\/span><\/td>\n<\/tr>\n<tr>\n<td><span data-path-to-node=\"13,9,0,0\"><b data-path-to-node=\"13,9,0,0\" data-index-in-node=\"0\">Prote\u00edna<\/b><\/span><\/td>\n<td><span data-path-to-node=\"13,9,1,0\">0.8 g<\/span><\/td>\n<td><span data-path-to-node=\"13,9,2,0\">1%<\/span><\/td>\n<\/tr>\n<tr>\n<td><span data-path-to-node=\"13,10,0,0\">Potasio<\/span><\/td>\n<td><span data-path-to-node=\"13,10,1,0\">135 mg<\/span><\/td>\n<td><span data-path-to-node=\"13,10,2,0\">3%<\/span><\/td>\n<\/tr>\n<\/tbody>\n<\/table>\n<p data-path-to-node=\"14\"><i data-path-to-node=\"14\" data-index-in-node=\"0\">Los valores porcentuales diarios se basan en una dieta de 2,000 calor\u00edas.<\/i><\/p>\n","protected":false},"excerpt":{"rendered":"<p class=\"translation-block\">Experience the perfect fusion of coffee and cocoa in its <b data-path-to-node=\"3,0\" data-index-in-node=\"59\">low-calorie version<\/b>. <span class=\"citation-7\">Gano Caf\u00e9 Mocha Light is a delicious, energizing beverage featuring just <\/span><b data-path-to-node=\"3,0\" data-index-in-node=\"144\"><span class=\"citation-7\">4g of sugar<\/span><\/b><span class=\"citation-7\"> and the full antioxidant strength of <\/span><b data-path-to-node=\"3,0\" data-index-in-node=\"190\"><span class=\"citation-7\">Ganoderma Lucidum<\/span><\/b><span class=\"citation-7 citation-end-7\">.<\/span><\/p>\n<p><!--StartFragment --><\/p>\n<p><!--EndFragment --><\/p>\n<p><em><!--EndFragment --><\/em><\/p>","protected":false},"featured_media":493,"comment_status":"closed","ping_status":"closed","template":"","meta":{"saved_in_kubio":false},"product_brand":[30],"product_cat":[39],"product_tag":[35,34,36,40,28,24,78,37,25],"class_list":{"0":"post-492","1":"product","2":"type-product","3":"status-publish","4":"has-post-thumbnail","6":"product_brand-gano-excel","7":"product_cat-bebidas","8":"product_tag-bebida","9":"product_tag-cafe","10":"product_tag-caliente","11":"product_tag-chocolate","12":"product_tag-cuidado","13":"product_tag-cuidado-personal","14":"product_tag-light","15":"product_tag-preparado","16":"product_tag-salud","18":"first","19":"instock","20":"shipping-taxable","21":"purchasable","22":"product-type-simple"},"jetpack_sharing_enabled":true,"_links":{"self":[{"href":"https:\/\/vitalreishiusa.com\/en\/wp-json\/wp\/v2\/product\/492","targetHints":{"allow":["GET"]}}],"collection":[{"href":"https:\/\/vitalreishiusa.com\/en\/wp-json\/wp\/v2\/product"}],"about":[{"href":"https:\/\/vitalreishiusa.com\/en\/wp-json\/wp\/v2\/types\/product"}],"replies":[{"embeddable":true,"href":"https:\/\/vitalreishiusa.com\/en\/wp-json\/wp\/v2\/comments?post=492"}],"wp:featuredmedia":[{"embeddable":true,"href":"https:\/\/vitalreishiusa.com\/en\/wp-json\/wp\/v2\/media\/493"}],"wp:attachment":[{"href":"https:\/\/vitalreishiusa.com\/en\/wp-json\/wp\/v2\/media?parent=492"}],"wp:term":[{"taxonomy":"product_brand","embeddable":true,"href":"https:\/\/vitalreishiusa.com\/en\/wp-json\/wp\/v2\/product_brand?post=492"},{"taxonomy":"product_cat","embeddable":true,"href":"https:\/\/vitalreishiusa.com\/en\/wp-json\/wp\/v2\/product_cat?post=492"},{"taxonomy":"product_tag","embeddable":true,"href":"https:\/\/vitalreishiusa.com\/en\/wp-json\/wp\/v2\/product_tag?post=492"}],"curies":[{"name":"wp","href":"https:\/\/api.w.org\/{rel}","templated":true}]}}