{"id":322,"date":"2025-06-13T23:16:50","date_gmt":"2025-06-13T23:16:50","guid":{"rendered":"https:\/\/vitalreishiusa.com\/?post_type=product&#038;p=322"},"modified":"2026-02-14T16:14:35","modified_gmt":"2026-02-14T16:14:35","slug":"reishi-touch-lotion-copia","status":"publish","type":"product","link":"https:\/\/vitalreishiusa.com\/en\/product\/reishi-touch-lotion-copia\/","title":{"rendered":"Gano Caf\u00e9 3 in 1"},"content":{"rendered":"<p><!--StartFragment --><\/p>\n<p>Imagina comenzar tu d\u00eda con una taza de caf\u00e9 que, adem\u00e1s de estimular tus sentidos, te brinda un toque especial de salud. Nuestro Gano Caf\u00e9 3 en 1 combina el aut\u00e9ntico sabor del caf\u00e9 instant\u00e1neo con la suavidad de una crema especialmente formulada y el poder antioxidante del extracto de Ganoderma Lucidum. Cada ingrediente ha sido cuidadosamente seleccionado para ofrecerte energ\u00eda natural, apoyo al sistema inmunol\u00f3gico y una textura cremosa que deleitar\u00e1 tu paladar.<\/p>\n<h3><strong>Ingredientes:<\/strong><\/h3>\n<ul>\n<li>Az\u00facar<\/li>\n<li>Crema no l\u00e1ctea (s\u00f3lidos de jarabe de glucosa, grasa vegetal, caseinato s\u00f3dico [prote\u00edna de leche], fosfato de hidr\u00f3geno diotassium E340(ii), tripolifosfato s\u00f3dico E451(i), mono y diglic\u00e9ridos de \u00e1cidos grasos E471, \u00e9steres de \u00e1cido graso y \u00e1cido graso de diacetiltartaric, E551 de di\u00f3xido de silicio, betacaroteno E160a(i))<\/li>\n<li>Caf\u00e9 instant\u00e1neo<\/li>\n<li>Extracto de Ganoderma Lucidum<\/li>\n<\/ul>\n<h3><strong>Informaci\u00f3n Nutricional:<\/strong><\/h3>\n<table>\n<thead>\n<tr>\n<td><strong>Nutriente<\/strong><\/td>\n<td><strong>Cantidad por Porci\u00f3n 21g<\/strong><\/td>\n<\/tr>\n<\/thead>\n<tbody>\n<tr>\n<td>Calor\u00edas<\/td>\n<td>80 kcal<\/td>\n<\/tr>\n<tr>\n<td>Grasas<\/td>\n<td>1 g<\/td>\n<\/tr>\n<tr>\n<td>Carbohidratos<\/td>\n<td>15 g<\/td>\n<\/tr>\n<tr>\n<td>Prote\u00ednas<\/td>\n<td>1 g<\/td>\n<\/tr>\n<tr>\n<td>Cafe\u00edna<\/td>\n<td>60 mg<\/td>\n<\/tr>\n<\/tbody>\n<\/table>\n<p>Cada sorbo de este caf\u00e9 te envuelve con calidez y te impulsa para enfrentar el d\u00eda con una sonrisa.<\/p>\n","protected":false},"excerpt":{"rendered":"<p><em>Start your morning with the comforting warmth of Gano Caf\u00e9 3-in-1. This signature blend perfectly balances traditional rich coffee flavor with modern wellness, providing a natural energy boost to power your day.<br \/>\n<!--StartFragment --><\/em><\/p>\n<p><!--StartFragment --><\/p>\n<p><!--EndFragment --><\/p>\n<p><em><!--EndFragment --><\/em><\/p>","protected":false},"featured_media":331,"comment_status":"closed","ping_status":"closed","template":"","meta":{"saved_in_kubio":false},"product_brand":[30],"product_cat":[39],"product_tag":[35,34,36,28,24,37,25,38],"class_list":{"0":"post-322","1":"product","2":"type-product","3":"status-publish","4":"has-post-thumbnail","6":"product_brand-gano-excel","7":"product_cat-bebidas","8":"product_tag-bebida","9":"product_tag-cafe","10":"product_tag-caliente","11":"product_tag-cuidado","12":"product_tag-cuidado-personal","13":"product_tag-preparado","14":"product_tag-salud","15":"product_tag-sin-lactosa","17":"first","18":"instock","19":"shipping-taxable","20":"purchasable","21":"product-type-simple"},"jetpack_sharing_enabled":true,"_links":{"self":[{"href":"https:\/\/vitalreishiusa.com\/en\/wp-json\/wp\/v2\/product\/322","targetHints":{"allow":["GET"]}}],"collection":[{"href":"https:\/\/vitalreishiusa.com\/en\/wp-json\/wp\/v2\/product"}],"about":[{"href":"https:\/\/vitalreishiusa.com\/en\/wp-json\/wp\/v2\/types\/product"}],"replies":[{"embeddable":true,"href":"https:\/\/vitalreishiusa.com\/en\/wp-json\/wp\/v2\/comments?post=322"}],"wp:featuredmedia":[{"embeddable":true,"href":"https:\/\/vitalreishiusa.com\/en\/wp-json\/wp\/v2\/media\/331"}],"wp:attachment":[{"href":"https:\/\/vitalreishiusa.com\/en\/wp-json\/wp\/v2\/media?parent=322"}],"wp:term":[{"taxonomy":"product_brand","embeddable":true,"href":"https:\/\/vitalreishiusa.com\/en\/wp-json\/wp\/v2\/product_brand?post=322"},{"taxonomy":"product_cat","embeddable":true,"href":"https:\/\/vitalreishiusa.com\/en\/wp-json\/wp\/v2\/product_cat?post=322"},{"taxonomy":"product_tag","embeddable":true,"href":"https:\/\/vitalreishiusa.com\/en\/wp-json\/wp\/v2\/product_tag?post=322"}],"curies":[{"name":"wp","href":"https:\/\/api.w.org\/{rel}","templated":true}]}}